{"id":2,"date":"2024-08-28T14:33:18","date_gmt":"2024-08-28T14:33:18","guid":{"rendered":"https:\/\/revicentro.cl\/blog\/?page_id=2"},"modified":"2024-09-24T00:25:49","modified_gmt":"2024-09-24T03:25:49","slug":"inicio","status":"publish","type":"page","link":"https:\/\/revicentro.cl\/blog\/","title":{"rendered":"Inicio"},"content":{"rendered":"\t\t<div data-elementor-type=\"wp-page\" data-elementor-id=\"2\" class=\"elementor elementor-2\" data-elementor-post-type=\"page\">\n\t\t\t\t<div class=\"elementor-element elementor-element-68c5035 e-flex e-con-boxed e-con e-parent\" data-id=\"68c5035\" data-element_type=\"container\" data-e-type=\"container\" data-settings=\"{&quot;background_background&quot;:&quot;gradient&quot;,&quot;jet_parallax_layout_list&quot;:[]}\">\n\t\t\t\t\t<div class=\"e-con-inner\">\n\t\t<div class=\"elementor-element elementor-element-9146bc7 e-con-full e-flex e-con e-child\" data-id=\"9146bc7\" data-element_type=\"container\" data-e-type=\"container\" data-settings=\"{&quot;jet_parallax_layout_list&quot;:[]}\">\n\t\t\t\t<div class=\"elementor-element elementor-element-8ae93ee elementor-widget elementor-widget-heading\" data-id=\"8ae93ee\" data-element_type=\"widget\" data-e-type=\"widget\" data-widget_type=\"heading.default\">\n\t\t\t\t<div class=\"elementor-widget-container\">\n\t\t\t\t\t<h1 class=\"elementor-heading-title elementor-size-default\">Revicentro Blog<\/h1>\t\t\t\t<\/div>\n\t\t\t\t<\/div>\n\t\t\t\t<div class=\"elementor-element elementor-element-8ec3b52 elementor-widget elementor-widget-heading\" data-id=\"8ec3b52\" data-element_type=\"widget\" data-e-type=\"widget\" data-widget_type=\"heading.default\">\n\t\t\t\t<div class=\"elementor-widget-container\">\n\t\t\t\t\t<div class=\"elementor-heading-title elementor-size-default\">Consejos y Recomendaciones para tu Revisi\u00f3n T\u00e9cnica en REVICENTRO<\/div>\t\t\t\t<\/div>\n\t\t\t\t<\/div>\n\t\t\t\t<\/div>\n\t\t<div class=\"elementor-element elementor-element-4521868 e-con-full e-flex e-con e-child\" data-id=\"4521868\" data-element_type=\"container\" data-e-type=\"container\" data-settings=\"{&quot;jet_parallax_layout_list&quot;:[]}\">\n\t\t\t\t<\/div>\n\t\t\t\t\t<\/div>\n\t\t\t\t<\/div>\n\t\t<div class=\"elementor-element elementor-element-61a0825 e-flex e-con-boxed e-con e-parent\" data-id=\"61a0825\" data-element_type=\"container\" data-e-type=\"container\" data-settings=\"{&quot;jet_parallax_layout_list&quot;:[]}\">\n\t\t\t\t\t<div class=\"e-con-inner\">\n\t\t\t\t<div class=\"elementor-element elementor-element-616df81 elementor-grid-3 elementor-grid-tablet-2 elementor-grid-mobile-1 elementor-posts--thumbnail-top elementor-card-shadow-yes elementor-posts__hover-gradient elementor-widget elementor-widget-posts\" data-id=\"616df81\" data-element_type=\"widget\" data-e-type=\"widget\" data-settings=\"{&quot;pagination_type&quot;:&quot;numbers&quot;,&quot;cards_columns&quot;:&quot;3&quot;,&quot;cards_columns_tablet&quot;:&quot;2&quot;,&quot;cards_columns_mobile&quot;:&quot;1&quot;,&quot;cards_row_gap&quot;:{&quot;unit&quot;:&quot;px&quot;,&quot;size&quot;:35,&quot;sizes&quot;:[]},&quot;cards_row_gap_tablet&quot;:{&quot;unit&quot;:&quot;px&quot;,&quot;size&quot;:&quot;&quot;,&quot;sizes&quot;:[]},&quot;cards_row_gap_mobile&quot;:{&quot;unit&quot;:&quot;px&quot;,&quot;size&quot;:&quot;&quot;,&quot;sizes&quot;:[]}}\" data-widget_type=\"posts.cards\">\n\t\t\t\t<div class=\"elementor-widget-container\">\n\t\t\t\t\t\t\t<div class=\"elementor-posts-container elementor-posts elementor-posts--skin-cards elementor-grid\" role=\"list\">\n\t\t\t\t<article class=\"elementor-post elementor-grid-item post-11959 post type-post status-publish format-standard has-post-thumbnail hentry category-uncategorized\" role=\"listitem\">\n\t\t\t<div class=\"elementor-post__card\">\n\t\t\t\t<a class=\"elementor-post__thumbnail__link\" href=\"https:\/\/revicentro.cl\/blog\/tips-pasar-revision-tecnica-gases\/\" tabindex=\"-1\" ><div class=\"elementor-post__thumbnail\"><img fetchpriority=\"high\" decoding=\"async\" width=\"600\" height=\"400\" src=\"https:\/\/revicentro.cl\/blog\/wp-content\/smush-webp\/2026\/04\/360092-600x400.jpg.webp\" class=\"attachment-medium size-medium wp-image-11946\" alt=\"\" srcset=\"https:\/\/revicentro.cl\/blog\/wp-content\/smush-webp\/2026\/04\/360092-600x400.jpg.webp 600w, https:\/\/revicentro.cl\/blog\/wp-content\/smush-webp\/2026\/04\/360092-768x512.jpg.webp 768w, https:\/\/revicentro.cl\/blog\/wp-content\/smush-webp\/2026\/04\/360092.jpg.webp 1000w\" sizes=\"(max-width: 600px) 100vw, 600px\" \/><\/div><\/a>\n\t\t\t\t<div class=\"elementor-post__text\">\n\t\t\t\t<h3 class=\"elementor-post__title\">\n\t\t\t<a href=\"https:\/\/revicentro.cl\/blog\/tips-pasar-revision-tecnica-gases\/\" >\n\t\t\t\tTrucos para pasar la revisi\u00f3n t\u00e9cnica por gases\t\t\t<\/a>\n\t\t<\/h3>\n\t\t\t\t<\/div>\n\t\t\t\t<div class=\"elementor-post__meta-data\">\n\t\t\t\t\t<span class=\"elementor-post-author\">\n\t\t\tRevicentro\t\t<\/span>\n\t\t\t\t<span class=\"elementor-post-date\">\n\t\t\t30\/04\/2026\t\t<\/span>\n\t\t\t\t<\/div>\n\t\t\t\t\t<\/div>\n\t\t<\/article>\n\t\t\t\t<article class=\"elementor-post elementor-grid-item post-11960 post type-post status-publish format-standard has-post-thumbnail hentry category-uncategorized\" role=\"listitem\">\n\t\t\t<div class=\"elementor-post__card\">\n\t\t\t\t<a class=\"elementor-post__thumbnail__link\" href=\"https:\/\/revicentro.cl\/blog\/consultar-revision-tecnica-por-patente\/\" tabindex=\"-1\" ><div class=\"elementor-post__thumbnail\"><img decoding=\"async\" width=\"600\" height=\"400\" src=\"https:\/\/revicentro.cl\/blog\/wp-content\/smush-webp\/2026\/04\/2149580572-600x400.jpg.webp\" class=\"attachment-medium size-medium wp-image-11929\" alt=\"\" srcset=\"https:\/\/revicentro.cl\/blog\/wp-content\/smush-webp\/2026\/04\/2149580572-600x400.jpg.webp 600w, https:\/\/revicentro.cl\/blog\/wp-content\/smush-webp\/2026\/04\/2149580572-768x512.jpg.webp 768w, https:\/\/revicentro.cl\/blog\/wp-content\/smush-webp\/2026\/04\/2149580572.jpg.webp 1000w\" sizes=\"(max-width: 600px) 100vw, 600px\" \/><\/div><\/a>\n\t\t\t\t<div class=\"elementor-post__text\">\n\t\t\t\t<h3 class=\"elementor-post__title\">\n\t\t\t<a href=\"https:\/\/revicentro.cl\/blog\/consultar-revision-tecnica-por-patente\/\" >\n\t\t\t\tRevisi\u00f3n t\u00e9cnica por patente: \u00bfC\u00f3mo consultar el estado y el calendario oficial?\t\t\t<\/a>\n\t\t<\/h3>\n\t\t\t\t<\/div>\n\t\t\t\t<div class=\"elementor-post__meta-data\">\n\t\t\t\t\t<span class=\"elementor-post-author\">\n\t\t\tRevicentro\t\t<\/span>\n\t\t\t\t<span class=\"elementor-post-date\">\n\t\t\t29\/04\/2026\t\t<\/span>\n\t\t\t\t<\/div>\n\t\t\t\t\t<\/div>\n\t\t<\/article>\n\t\t\t\t<article class=\"elementor-post elementor-grid-item post-11965 post type-post status-publish format-standard has-post-thumbnail hentry category-uncategorized\" role=\"listitem\">\n\t\t\t<div class=\"elementor-post__card\">\n\t\t\t\t<a class=\"elementor-post__thumbnail__link\" href=\"https:\/\/revicentro.cl\/blog\/certificado-emisiones-contaminantes\/\" tabindex=\"-1\" ><div class=\"elementor-post__thumbnail\"><img decoding=\"async\" width=\"600\" height=\"400\" src=\"https:\/\/revicentro.cl\/blog\/wp-content\/smush-webp\/2026\/04\/3786-600x400.jpg.webp\" class=\"attachment-medium size-medium wp-image-11932\" alt=\"\" srcset=\"https:\/\/revicentro.cl\/blog\/wp-content\/smush-webp\/2026\/04\/3786-600x400.jpg.webp 600w, https:\/\/revicentro.cl\/blog\/wp-content\/smush-webp\/2026\/04\/3786-768x512.jpg.webp 768w, https:\/\/revicentro.cl\/blog\/wp-content\/smush-webp\/2026\/04\/3786.jpg.webp 1000w\" sizes=\"(max-width: 600px) 100vw, 600px\" \/><\/div><\/a>\n\t\t\t\t<div class=\"elementor-post__text\">\n\t\t\t\t<h3 class=\"elementor-post__title\">\n\t\t\t<a href=\"https:\/\/revicentro.cl\/blog\/certificado-emisiones-contaminantes\/\" >\n\t\t\t\tCertificado de emisiones contaminantes: El documento para el cuidado del medio ambiente\t\t\t<\/a>\n\t\t<\/h3>\n\t\t\t\t<\/div>\n\t\t\t\t<div class=\"elementor-post__meta-data\">\n\t\t\t\t\t<span class=\"elementor-post-author\">\n\t\t\tRevicentro\t\t<\/span>\n\t\t\t\t<span class=\"elementor-post-date\">\n\t\t\t28\/04\/2026\t\t<\/span>\n\t\t\t\t<\/div>\n\t\t\t\t\t<\/div>\n\t\t<\/article>\n\t\t\t\t<article class=\"elementor-post elementor-grid-item post-11962 post type-post status-publish format-standard has-post-thumbnail hentry category-uncategorized\" role=\"listitem\">\n\t\t\t<div class=\"elementor-post__card\">\n\t\t\t\t<a class=\"elementor-post__thumbnail__link\" href=\"https:\/\/revicentro.cl\/blog\/limpieza-de-inyectores\/\" tabindex=\"-1\" ><div class=\"elementor-post__thumbnail\"><img loading=\"lazy\" decoding=\"async\" width=\"600\" height=\"400\" src=\"https:\/\/revicentro.cl\/blog\/wp-content\/smush-webp\/2026\/04\/1499-600x400.jpg.webp\" class=\"attachment-medium size-medium wp-image-11940\" alt=\"\" srcset=\"https:\/\/revicentro.cl\/blog\/wp-content\/smush-webp\/2026\/04\/1499-600x400.jpg.webp 600w, https:\/\/revicentro.cl\/blog\/wp-content\/smush-webp\/2026\/04\/1499-768x512.jpg.webp 768w, https:\/\/revicentro.cl\/blog\/wp-content\/smush-webp\/2026\/04\/1499.jpg.webp 1000w\" sizes=\"(max-width: 600px) 100vw, 600px\" \/><\/div><\/a>\n\t\t\t\t<div class=\"elementor-post__text\">\n\t\t\t\t<h3 class=\"elementor-post__title\">\n\t\t\t<a href=\"https:\/\/revicentro.cl\/blog\/limpieza-de-inyectores\/\" >\n\t\t\t\tLimpieza de inyectores: \u00bfC\u00f3mo recuperar la potencia de tu motor?\t\t\t<\/a>\n\t\t<\/h3>\n\t\t\t\t<\/div>\n\t\t\t\t<div class=\"elementor-post__meta-data\">\n\t\t\t\t\t<span class=\"elementor-post-author\">\n\t\t\tRevicentro\t\t<\/span>\n\t\t\t\t<span class=\"elementor-post-date\">\n\t\t\t27\/04\/2026\t\t<\/span>\n\t\t\t\t<\/div>\n\t\t\t\t\t<\/div>\n\t\t<\/article>\n\t\t\t\t<article class=\"elementor-post elementor-grid-item post-11963 post type-post status-publish format-standard has-post-thumbnail hentry category-uncategorized\" role=\"listitem\">\n\t\t\t<div class=\"elementor-post__card\">\n\t\t\t\t<a class=\"elementor-post__thumbnail__link\" href=\"https:\/\/revicentro.cl\/blog\/presion-correcta-neumaticos\/\" tabindex=\"-1\" ><div class=\"elementor-post__thumbnail\"><img loading=\"lazy\" decoding=\"async\" width=\"600\" height=\"401\" src=\"https:\/\/revicentro.cl\/blog\/wp-content\/smush-webp\/2026\/04\/17462-600x401.jpg.webp\" class=\"attachment-medium size-medium wp-image-11937\" alt=\"\" srcset=\"https:\/\/revicentro.cl\/blog\/wp-content\/smush-webp\/2026\/04\/17462-600x401.jpg.webp 600w, https:\/\/revicentro.cl\/blog\/wp-content\/smush-webp\/2026\/04\/17462-768x513.jpg.webp 768w, https:\/\/revicentro.cl\/blog\/wp-content\/smush-webp\/2026\/04\/17462.jpg.webp 1000w\" sizes=\"(max-width: 600px) 100vw, 600px\" \/><\/div><\/a>\n\t\t\t\t<div class=\"elementor-post__text\">\n\t\t\t\t<h3 class=\"elementor-post__title\">\n\t\t\t<a href=\"https:\/\/revicentro.cl\/blog\/presion-correcta-neumaticos\/\" >\n\t\t\t\tPresi\u00f3n de neum\u00e1ticos: Mayor seguridad, ahorro y agarre en ruta\t\t\t<\/a>\n\t\t<\/h3>\n\t\t\t\t<\/div>\n\t\t\t\t<div class=\"elementor-post__meta-data\">\n\t\t\t\t\t<span class=\"elementor-post-author\">\n\t\t\tRevicentro\t\t<\/span>\n\t\t\t\t<span class=\"elementor-post-date\">\n\t\t\t25\/04\/2026\t\t<\/span>\n\t\t\t\t<\/div>\n\t\t\t\t\t<\/div>\n\t\t<\/article>\n\t\t\t\t<article class=\"elementor-post elementor-grid-item post-11961 post type-post status-publish format-standard has-post-thumbnail hentry category-uncategorized\" role=\"listitem\">\n\t\t\t<div class=\"elementor-post__card\">\n\t\t\t\t<a class=\"elementor-post__thumbnail__link\" href=\"https:\/\/revicentro.cl\/blog\/que-aceite-usa-mi-auto\/\" tabindex=\"-1\" ><div class=\"elementor-post__thumbnail\"><img loading=\"lazy\" decoding=\"async\" width=\"600\" height=\"400\" src=\"https:\/\/revicentro.cl\/blog\/wp-content\/smush-webp\/2026\/04\/2666-600x400.jpg.webp\" class=\"attachment-medium size-medium wp-image-11945\" alt=\"\" srcset=\"https:\/\/revicentro.cl\/blog\/wp-content\/smush-webp\/2026\/04\/2666-600x400.jpg.webp 600w, https:\/\/revicentro.cl\/blog\/wp-content\/smush-webp\/2026\/04\/2666-768x512.jpg.webp 768w, https:\/\/revicentro.cl\/blog\/wp-content\/smush-webp\/2026\/04\/2666.jpg.webp 1000w\" sizes=\"(max-width: 600px) 100vw, 600px\" \/><\/div><\/a>\n\t\t\t\t<div class=\"elementor-post__text\">\n\t\t\t\t<h3 class=\"elementor-post__title\">\n\t\t\t<a href=\"https:\/\/revicentro.cl\/blog\/que-aceite-usa-mi-auto\/\" >\n\t\t\t\t\u00bfQu\u00e9 aceite usa mi auto? \u00bfC\u00f3mo elegir el lubricante correcto?\t\t\t<\/a>\n\t\t<\/h3>\n\t\t\t\t<\/div>\n\t\t\t\t<div class=\"elementor-post__meta-data\">\n\t\t\t\t\t<span class=\"elementor-post-author\">\n\t\t\tRevicentro\t\t<\/span>\n\t\t\t\t<span class=\"elementor-post-date\">\n\t\t\t24\/04\/2026\t\t<\/span>\n\t\t\t\t<\/div>\n\t\t\t\t\t<\/div>\n\t\t<\/article>\n\t\t\t\t<article class=\"elementor-post elementor-grid-item post-11956 post type-post status-publish format-standard has-post-thumbnail hentry category-uncategorized\" role=\"listitem\">\n\t\t\t<div class=\"elementor-post__card\">\n\t\t\t\t<a class=\"elementor-post__thumbnail__link\" href=\"https:\/\/revicentro.cl\/blog\/como-pasar-revision-tecnica\/\" tabindex=\"-1\" ><div class=\"elementor-post__thumbnail\"><img loading=\"lazy\" decoding=\"async\" width=\"600\" height=\"400\" src=\"https:\/\/revicentro.cl\/blog\/wp-content\/smush-webp\/2026\/04\/1690-600x400.jpg.webp\" class=\"attachment-medium size-medium wp-image-11955\" alt=\"\" srcset=\"https:\/\/revicentro.cl\/blog\/wp-content\/smush-webp\/2026\/04\/1690-600x400.jpg.webp 600w, https:\/\/revicentro.cl\/blog\/wp-content\/smush-webp\/2026\/04\/1690-768x512.jpg.webp 768w, https:\/\/revicentro.cl\/blog\/wp-content\/smush-webp\/2026\/04\/1690.jpg.webp 1000w\" sizes=\"(max-width: 600px) 100vw, 600px\" \/><\/div><\/a>\n\t\t\t\t<div class=\"elementor-post__text\">\n\t\t\t\t<h3 class=\"elementor-post__title\">\n\t\t\t<a href=\"https:\/\/revicentro.cl\/blog\/como-pasar-revision-tecnica\/\" >\n\t\t\t\t\u00bfC\u00f3mo pasar la revisi\u00f3n t\u00e9cnica a la primera? Checklist y consejos preventivos\t\t\t<\/a>\n\t\t<\/h3>\n\t\t\t\t<\/div>\n\t\t\t\t<div class=\"elementor-post__meta-data\">\n\t\t\t\t\t<span class=\"elementor-post-author\">\n\t\t\tRevicentro\t\t<\/span>\n\t\t\t\t<span class=\"elementor-post-date\">\n\t\t\t23\/04\/2026\t\t<\/span>\n\t\t\t\t<\/div>\n\t\t\t\t\t<\/div>\n\t\t<\/article>\n\t\t\t\t<article class=\"elementor-post elementor-grid-item post-11964 post type-post status-publish format-standard has-post-thumbnail hentry category-uncategorized\" role=\"listitem\">\n\t\t\t<div class=\"elementor-post__card\">\n\t\t\t\t<a class=\"elementor-post__thumbnail__link\" href=\"https:\/\/revicentro.cl\/blog\/que-significa-abs-en-tablero\/\" tabindex=\"-1\" ><div class=\"elementor-post__thumbnail\"><img loading=\"lazy\" decoding=\"async\" width=\"600\" height=\"338\" src=\"https:\/\/revicentro.cl\/blog\/wp-content\/smush-webp\/2026\/04\/HCAV4UTVA5B2RLDGHV4FBRFRXE-600x338.png.webp\" class=\"attachment-medium size-medium wp-image-11936\" alt=\"\" srcset=\"https:\/\/revicentro.cl\/blog\/wp-content\/smush-webp\/2026\/04\/HCAV4UTVA5B2RLDGHV4FBRFRXE-600x338.png.webp 600w, https:\/\/revicentro.cl\/blog\/wp-content\/smush-webp\/2026\/04\/HCAV4UTVA5B2RLDGHV4FBRFRXE-768x432.png.webp 768w, https:\/\/revicentro.cl\/blog\/wp-content\/smush-webp\/2026\/04\/HCAV4UTVA5B2RLDGHV4FBRFRXE-1536x864.png.webp 1536w, https:\/\/revicentro.cl\/blog\/wp-content\/smush-webp\/2026\/04\/HCAV4UTVA5B2RLDGHV4FBRFRXE.png.webp 1600w\" sizes=\"(max-width: 600px) 100vw, 600px\" \/><\/div><\/a>\n\t\t\t\t<div class=\"elementor-post__text\">\n\t\t\t\t<h3 class=\"elementor-post__title\">\n\t\t\t<a href=\"https:\/\/revicentro.cl\/blog\/que-significa-abs-en-tablero\/\" >\n\t\t\t\t\u00bfQu\u00e9 significa ABS en el tablero de un auto?\t\t\t<\/a>\n\t\t<\/h3>\n\t\t\t\t<\/div>\n\t\t\t\t<div class=\"elementor-post__meta-data\">\n\t\t\t\t\t<span class=\"elementor-post-author\">\n\t\t\tRevicentro\t\t<\/span>\n\t\t\t\t<span class=\"elementor-post-date\">\n\t\t\t22\/04\/2026\t\t<\/span>\n\t\t\t\t<\/div>\n\t\t\t\t\t<\/div>\n\t\t<\/article>\n\t\t\t\t<article class=\"elementor-post elementor-grid-item post-11966 post type-post status-publish format-standard has-post-thumbnail hentry category-uncategorized\" role=\"listitem\">\n\t\t\t<div class=\"elementor-post__card\">\n\t\t\t\t<a class=\"elementor-post__thumbnail__link\" href=\"https:\/\/revicentro.cl\/blog\/sello-verde-autos-chile\/\" tabindex=\"-1\" ><div class=\"elementor-post__thumbnail\"><img loading=\"lazy\" decoding=\"async\" width=\"600\" height=\"450\" src=\"https:\/\/revicentro.cl\/blog\/wp-content\/smush-webp\/2026\/04\/331-600x450.jpg.webp\" class=\"attachment-medium size-medium wp-image-11930\" alt=\"\" srcset=\"https:\/\/revicentro.cl\/blog\/wp-content\/smush-webp\/2026\/04\/331-600x450.jpg.webp 600w, https:\/\/revicentro.cl\/blog\/wp-content\/smush-webp\/2026\/04\/331-768x576.jpg.webp 768w, https:\/\/revicentro.cl\/blog\/wp-content\/smush-webp\/2026\/04\/331.jpg.webp 1000w\" sizes=\"(max-width: 600px) 100vw, 600px\" \/><\/div><\/a>\n\t\t\t\t<div class=\"elementor-post__text\">\n\t\t\t\t<h3 class=\"elementor-post__title\">\n\t\t\t<a href=\"https:\/\/revicentro.cl\/blog\/sello-verde-autos-chile\/\" >\n\t\t\t\t\u00bfDesde qu\u00e9 a\u00f1o los autos tienen sello verde en Chile y qu\u00e9 significa?\t\t\t<\/a>\n\t\t<\/h3>\n\t\t\t\t<\/div>\n\t\t\t\t<div class=\"elementor-post__meta-data\">\n\t\t\t\t\t<span class=\"elementor-post-author\">\n\t\t\tJuan Esteban P\u00e9rez\t\t<\/span>\n\t\t\t\t<span class=\"elementor-post-date\">\n\t\t\t22\/04\/2026\t\t<\/span>\n\t\t\t\t<\/div>\n\t\t\t\t\t<\/div>\n\t\t<\/article>\n\t\t\t\t<\/div>\n\t\t\n\t\t\t\t<div class=\"e-load-more-anchor\" data-page=\"1\" data-max-page=\"9\" data-next-page=\"https:\/\/revicentro.cl\/blog\/wp-json\/wp\/v2\/pages\/2\/page\/2\/\"><\/div>\n\t\t\t\t<nav class=\"elementor-pagination\" aria-label=\"Paginaci\u00f3n\">\n\t\t\t<span aria-current=\"page\" class=\"page-numbers current\"><span class=\"elementor-screen-only\">P\u00e1gina<\/span>1<\/span>\n<a class=\"page-numbers\" href=\"https:\/\/revicentro.cl\/blog\/wp-json\/wp\/v2\/pages\/2\/page\/2\/\"><span class=\"elementor-screen-only\">P\u00e1gina<\/span>2<\/a>\n<a class=\"page-numbers\" href=\"https:\/\/revicentro.cl\/blog\/wp-json\/wp\/v2\/pages\/2\/page\/3\/\"><span class=\"elementor-screen-only\">P\u00e1gina<\/span>3<\/a>\n<span class=\"page-numbers dots\">&hellip;<\/span>\n<a class=\"page-numbers\" href=\"https:\/\/revicentro.cl\/blog\/wp-json\/wp\/v2\/pages\/2\/page\/9\/\"><span class=\"elementor-screen-only\">P\u00e1gina<\/span>9<\/a>\t\t<\/nav>\n\t\t\t\t\t\t<\/div>\n\t\t\t\t<\/div>\n\t\t\t\t\t<\/div>\n\t\t\t\t<\/div>\n\t\t\t\t<\/div>\n\t\t","protected":false},"excerpt":{"rendered":"<p>Revicentro Blog Consejos y Recomendaciones para tu Revisi\u00f3n T\u00e9cnica en REVICENTRO<\/p>\n","protected":false},"author":5,"featured_media":143,"parent":0,"menu_order":0,"comment_status":"closed","ping_status":"closed","template":"","meta":{"nf_dc_page":"","site-sidebar-layout":"default","site-content-layout":"","ast-site-content-layout":"default","site-content-style":"default","site-sidebar-style":"default","ast-global-header-display":"","ast-banner-title-visibility":"","ast-main-header-display":"","ast-hfb-above-header-display":"","ast-hfb-below-header-display":"","ast-hfb-mobile-header-display":"","site-post-title":"","ast-breadcrumbs-content":"","ast-featured-img":"","footer-sml-layout":"","ast-disable-related-posts":"","theme-transparent-header-meta":"","adv-header-id-meta":"","stick-header-meta":"","header-above-stick-meta":"","header-main-stick-meta":"","header-below-stick-meta":"","astra-migrate-meta-layouts":"default","ast-page-background-enabled":"default","ast-page-background-meta":{"desktop":{"background-color":"var(--ast-global-color-4)","background-image":"","background-repeat":"repeat","background-position":"center center","background-size":"auto","background-attachment":"scroll","background-type":"","background-media":"","overlay-type":"","overlay-color":"","overlay-opacity":"","overlay-gradient":""},"tablet":{"background-color":"","background-image":"","background-repeat":"repeat","background-position":"center center","background-size":"auto","background-attachment":"scroll","background-type":"","background-media":"","overlay-type":"","overlay-color":"","overlay-opacity":"","overlay-gradient":""},"mobile":{"background-color":"","background-image":"","background-repeat":"repeat","background-position":"center center","background-size":"auto","background-attachment":"scroll","background-type":"","background-media":"","overlay-type":"","overlay-color":"","overlay-opacity":"","overlay-gradient":""}},"ast-content-background-meta":{"desktop":{"background-color":"var(--ast-global-color-5)","background-image":"","background-repeat":"repeat","background-position":"center center","background-size":"auto","background-attachment":"scroll","background-type":"","background-media":"","overlay-type":"","overlay-color":"","overlay-opacity":"","overlay-gradient":""},"tablet":{"background-color":"var(--ast-global-color-5)","background-image":"","background-repeat":"repeat","background-position":"center center","background-size":"auto","background-attachment":"scroll","background-type":"","background-media":"","overlay-type":"","overlay-color":"","overlay-opacity":"","overlay-gradient":""},"mobile":{"background-color":"var(--ast-global-color-5)","background-image":"","background-repeat":"repeat","background-position":"center center","background-size":"auto","background-attachment":"scroll","background-type":"","background-media":"","overlay-type":"","overlay-color":"","overlay-opacity":"","overlay-gradient":""}},"footnotes":""},"class_list":["post-2","page","type-page","status-publish","has-post-thumbnail","hentry"],"rank_math_title":null,"rank_math_description":null,"rank_math_focus_keyword":null,"_links":{"self":[{"href":"https:\/\/revicentro.cl\/blog\/wp-json\/wp\/v2\/pages\/2","targetHints":{"allow":["GET"]}}],"collection":[{"href":"https:\/\/revicentro.cl\/blog\/wp-json\/wp\/v2\/pages"}],"about":[{"href":"https:\/\/revicentro.cl\/blog\/wp-json\/wp\/v2\/types\/page"}],"author":[{"embeddable":true,"href":"https:\/\/revicentro.cl\/blog\/wp-json\/wp\/v2\/users\/5"}],"replies":[{"embeddable":true,"href":"https:\/\/revicentro.cl\/blog\/wp-json\/wp\/v2\/comments?post=2"}],"version-history":[{"count":4,"href":"https:\/\/revicentro.cl\/blog\/wp-json\/wp\/v2\/pages\/2\/revisions"}],"predecessor-version":[{"id":141,"href":"https:\/\/revicentro.cl\/blog\/wp-json\/wp\/v2\/pages\/2\/revisions\/141"}],"wp:featuredmedia":[{"embeddable":true,"href":"https:\/\/revicentro.cl\/blog\/wp-json\/wp\/v2\/media\/143"}],"wp:attachment":[{"href":"https:\/\/revicentro.cl\/blog\/wp-json\/wp\/v2\/media?parent=2"}],"curies":[{"name":"wp","href":"https:\/\/api.w.org\/{rel}","templated":true}]}}